{"id":49,"date":"2019-03-13T22:19:40","date_gmt":"2019-03-13T22:19:40","guid":{"rendered":"https:\/\/hanta-yo-riding.de\/?page_id=49"},"modified":"2025-04-23T18:37:42","modified_gmt":"2025-04-23T18:37:42","slug":"tiere-tun-kindern-gut","status":"publish","type":"page","link":"https:\/\/hanta-yo-riding.de\/?page_id=49","title":{"rendered":"Angebote 2025"},"content":{"rendered":"<div class=\"wp-block-image\">\n<figure class=\"aligncenter size-large is-resized\"><img decoding=\"async\" loading=\"lazy\" src=\"https:\/\/hanta-yo-riding.de\/wp-content\/uploads\/2022\/03\/tiergestuetz-1-1024x683.jpg\" alt=\"\" class=\"wp-image-760\" width=\"-2840\" height=\"-1895\" srcset=\"https:\/\/hanta-yo-riding.de\/wp-content\/uploads\/2022\/03\/tiergestuetz-1-1024x683.jpg 1024w, https:\/\/hanta-yo-riding.de\/wp-content\/uploads\/2022\/03\/tiergestuetz-1-300x200.jpg 300w, https:\/\/hanta-yo-riding.de\/wp-content\/uploads\/2022\/03\/tiergestuetz-1-768x512.jpg 768w, https:\/\/hanta-yo-riding.de\/wp-content\/uploads\/2022\/03\/tiergestuetz-1-1536x1024.jpg 1536w, https:\/\/hanta-yo-riding.de\/wp-content\/uploads\/2022\/03\/tiergestuetz-1-80x53.jpg 80w, https:\/\/hanta-yo-riding.de\/wp-content\/uploads\/2022\/03\/tiergestuetz-1.jpg 2048w\" sizes=\"(max-width: 1024px) 100vw, 1024px\" \/><\/figure><\/div>\n\n\n<p><\/p>\n\n\n\n<p class=\"has-embla-blue-color has-text-color\"><strong><em>Eltern Kind Kurse<\/em><\/strong> <\/p>\n\n\n\n<p>In diesen Kursen sammeln Kinder mit der Unterst\u00fctzung eines Elternteils erste Erfahrung mit Ponys. Spielerisch und sicher werden sie an unsere Tiere herangef\u00fchrt. Der Kontakt schult alle Sinnesbereiche, sowie die Wahrnehmung. Die sch\u00f6ne Atmosph\u00e4re auf unserem Hof l\u00e4dt Eltern und Kinder zum Wohlf\u00fchlen ein.<\/p>\n\n\n\n<p>Der Kurs besteht aus max. 5 Kindern im Alter von 2-3 Jahren und beinhaltet 4 Termine a 90 Minuten. <\/p>\n\n\n\n<p>AUSGEBUCHT<\/p>\n\n\n\n<p><\/p>\n\n\n\n<p><strong>Kindergeburtstage<\/strong><\/p>\n\n\n\n<p>Geburtstage sind mit einer ganz individuellen Ausrichtung m\u00f6glich. F\u00fcr Anregungen und W\u00fcnsche bin ich offen, gerne gestalte ich den Nachmittag f\u00fcr bis zu 8 Kindern aber auch mit eigenen Ideen, wie z.B. einer Schatzsuche zu Pferd. F\u00fcr die Kinder und Familien steht unsere dekorierte Sandsteinscheune zur Verf\u00fcgung. Bei Interesse kann eine H\u00fcpfburg aufgebaut werden. Speisen und Getr\u00e4nke m\u00fcssen selbst mitgebracht werden. Die Geburtstagsfeier ist mit, sowie ohne Begelitung der Eltern m\u00f6glich. <\/p>\n\n\n\n<p>Preise auf Anfrage.<\/p>\n\n\n\n<p><\/p>\n\n\n\n<p> <\/p>\n\n\n\n<p><\/p>\n","protected":false},"excerpt":{"rendered":"<p>Eltern Kind Kurse In diesen Kursen sammeln Kinder mit der Unterst\u00fctzung eines Elternteils erste Erfahrung mit Ponys. Spielerisch und sicher werden sie an unsere Tiere herangef\u00fchrt. Der Kontakt schult alle&hellip; <\/p>\n","protected":false},"author":1,"featured_media":0,"parent":0,"menu_order":0,"comment_status":"closed","ping_status":"closed","template":"","meta":[],"_links":{"self":[{"href":"https:\/\/hanta-yo-riding.de\/index.php?rest_route=\/wp\/v2\/pages\/49"}],"collection":[{"href":"https:\/\/hanta-yo-riding.de\/index.php?rest_route=\/wp\/v2\/pages"}],"about":[{"href":"https:\/\/hanta-yo-riding.de\/index.php?rest_route=\/wp\/v2\/types\/page"}],"author":[{"embeddable":true,"href":"https:\/\/hanta-yo-riding.de\/index.php?rest_route=\/wp\/v2\/users\/1"}],"replies":[{"embeddable":true,"href":"https:\/\/hanta-yo-riding.de\/index.php?rest_route=%2Fwp%2Fv2%2Fcomments&post=49"}],"version-history":[{"count":78,"href":"https:\/\/hanta-yo-riding.de\/index.php?rest_route=\/wp\/v2\/pages\/49\/revisions"}],"predecessor-version":[{"id":916,"href":"https:\/\/hanta-yo-riding.de\/index.php?rest_route=\/wp\/v2\/pages\/49\/revisions\/916"}],"wp:attachment":[{"href":"https:\/\/hanta-yo-riding.de\/index.php?rest_route=%2Fwp%2Fv2%2Fmedia&parent=49"}],"curies":[{"name":"wp","href":"https:\/\/api.w.org\/{rel}","templated":true}]}}