{"id":77,"date":"2019-03-14T07:34:42","date_gmt":"2019-03-14T07:34:42","guid":{"rendered":"https:\/\/hanta-yo-riding.de\/?page_id=77"},"modified":"2024-05-28T11:18:18","modified_gmt":"2024-05-28T11:18:18","slug":"kontakt","status":"publish","type":"page","link":"https:\/\/hanta-yo-riding.de\/?page_id=77","title":{"rendered":"Kontakt \/ Impressum"},"content":{"rendered":"\n<figure class=\"wp-block-image size-medium is-resized\"><img decoding=\"async\" loading=\"lazy\" src=\"https:\/\/hanta-yo-riding.de\/wp-content\/uploads\/2022\/03\/jaspino-300x200.jpg\" alt=\"\" class=\"wp-image-732\" width=\"525\" height=\"350\" srcset=\"https:\/\/hanta-yo-riding.de\/wp-content\/uploads\/2022\/03\/jaspino-300x200.jpg 300w, https:\/\/hanta-yo-riding.de\/wp-content\/uploads\/2022\/03\/jaspino-1024x683.jpg 1024w, https:\/\/hanta-yo-riding.de\/wp-content\/uploads\/2022\/03\/jaspino-768x512.jpg 768w, https:\/\/hanta-yo-riding.de\/wp-content\/uploads\/2022\/03\/jaspino-1536x1024.jpg 1536w, https:\/\/hanta-yo-riding.de\/wp-content\/uploads\/2022\/03\/jaspino-80x53.jpg 80w, https:\/\/hanta-yo-riding.de\/wp-content\/uploads\/2022\/03\/jaspino.jpg 2048w\" sizes=\"(max-width: 525px) 100vw, 525px\" \/><figcaption class=\"wp-element-caption\"><br><br><br><strong>Solltest du dir einen Platz f\u00fcr dein Kind w\u00fcnschen, kontaktiere mich gern.<br> Informationen zu Preisen, Zeiten und pers\u00f6nlichen M\u00f6glichkeiten, beantworte ich sehr gern.<br>Ich freue mich auf euch!<\/strong><br><br><em><br><\/em><strong>Reittherapeutin Judith Mertens<br>K\u00f6nigstr. 59 <br>48366 Laer<\/strong><br><strong><br>E-MAIL: <\/strong><br><strong>Info@hanta-yo-riding.de<\/strong><br><strong><br>MOBIL:<\/strong><br><strong> 0172 2145435<br><\/strong><br><em><a href=\"https:\/\/hanta-yo-riding.de\/?page_id=193\">K<strong>ONTAKTFORMULAR<\/strong><\/a><\/em><br><br><em><a href=\"https:\/\/de-de.facebook.com\/hantayoriding\"><strong>facebook<\/strong><\/a><\/em><br><br><a href=\"https:\/\/www.instagram.com\/hanta_yo_riding\/\"><strong>Instagram<\/strong><\/a><br><br><em><br><br><br><\/em><\/figcaption><\/figure>\n\n\n\n<p><br><\/p>\n\n\n\n<h4 class=\"wp-block-heading\"><\/h4>\n\n\n\n<p><\/p>\n\n\n\n<figure class=\"wp-block-gallery has-nested-images columns-default is-cropped wp-block-gallery-1 is-layout-flex\"><\/figure>\n\n\n\n<p><\/p>\n\n\n\n<p><\/p>\n\n\n\n<p><\/p>\n\n\n\n<p><\/p>\n","protected":false},"excerpt":{"rendered":"","protected":false},"author":1,"featured_media":0,"parent":0,"menu_order":0,"comment_status":"closed","ping_status":"closed","template":"","meta":[],"_links":{"self":[{"href":"https:\/\/hanta-yo-riding.de\/index.php?rest_route=\/wp\/v2\/pages\/77"}],"collection":[{"href":"https:\/\/hanta-yo-riding.de\/index.php?rest_route=\/wp\/v2\/pages"}],"about":[{"href":"https:\/\/hanta-yo-riding.de\/index.php?rest_route=\/wp\/v2\/types\/page"}],"author":[{"embeddable":true,"href":"https:\/\/hanta-yo-riding.de\/index.php?rest_route=\/wp\/v2\/users\/1"}],"replies":[{"embeddable":true,"href":"https:\/\/hanta-yo-riding.de\/index.php?rest_route=%2Fwp%2Fv2%2Fcomments&post=77"}],"version-history":[{"count":102,"href":"https:\/\/hanta-yo-riding.de\/index.php?rest_route=\/wp\/v2\/pages\/77\/revisions"}],"predecessor-version":[{"id":890,"href":"https:\/\/hanta-yo-riding.de\/index.php?rest_route=\/wp\/v2\/pages\/77\/revisions\/890"}],"wp:attachment":[{"href":"https:\/\/hanta-yo-riding.de\/index.php?rest_route=%2Fwp%2Fv2%2Fmedia&parent=77"}],"curies":[{"name":"wp","href":"https:\/\/api.w.org\/{rel}","templated":true}]}}